{"id":7835,"date":"2023-04-11T22:53:38","date_gmt":"2023-04-11T21:53:38","guid":{"rendered":"https:\/\/agrisem.com\/?page_id=7835"},"modified":"2023-04-11T22:53:39","modified_gmt":"2023-04-11T21:53:39","slug":"polityka-prywatnosci","status":"publish","type":"page","link":"https:\/\/agrisem.com\/pl\/polityka-prywatnosci\/","title":{"rendered":"Polityka prywatno\u015bci"},"content":{"rendered":"\n<p>Jeste\u015b obecnie po\u0142\u0105czony ze stron\u0105 Agrisem. Firma Agrisem stworzy\u0142a t\u0119 witryn\u0119 z my\u015bl\u0105 o danych osobowych jej u\u017cytkownik\u00f3w.<\/p>\n\n\n\n<p>Nazwa prawna:<\/p>\n\n\n\n<p>Agrisem International<br>535 Pierre Levasseur ul<br>44150 Ancenis<\/p>\n\n\n\n<p>02 51 14 14 40<\/p>\n\n\n\n<p>Hosting i aplikacja biznesowa:<\/p>\n\n\n\n<p>Chmura BLG<\/p>\n\n\n\n<p>1, rue de la Sous Prefektura<br>60200 KOMPIEGNA<\/p>\n\n\n\n<p>Taki. : +33 (0) 3 44 40 83 44<br>WWW: www.blgcloud.com<\/p>\n\n\n\n<p>blgCloud, chmura dedykowana Twoim aplikacjom biznesowym: CRM, ERP<\/p>\n\n\n\n<p>Specyfikacja:<\/p>\n\n\n\n<p>Przypomina si\u0119, \u017ce tajemnica korespondencji nie jest gwarantowana w Internecie, i \u017ce to do ka\u017cdego u\u017cytkownika Internetu nale\u017cy podj\u0119cie wszelkich odpowiednich \u015brodk\u00f3w w celu ochrony w\u0142asnych danych i\/lub oprogramowania przed ewentualnym zanieczyszczeniem wirusami kr\u0105\u017c\u0105cymi w Internecie.<\/p>\n\n\n\n<p>Karta redakcyjna:<\/p>\n\n\n\n<p>Strona MyAgrisem to strona prezentuj\u0105ca dzia\u0142alno\u015b\u0107 firmy Agrisem. Informacje podane na tej stronie s\u0142u\u017c\u0105 wy\u0142\u0105cznie celom informacyjnym.<\/p>\n\n\n\n<p>Dane osobiste:<\/p>\n\n\n\n<p>Wprowadzone informacje zostan\u0105 zarejestrowane przez Agrisem. Masz prawo dost\u0119pu, modyfikacji, poprawiania i usuwania danych zebranych na tej stronie, na warunkach przewidzianych przez ustaw\u0119 nr 78-17 z dnia 6 stycznia 1978 r. dotycz\u0105c\u0105 przetwarzania danych, plik\u00f3w i swob\u00f3d. Aby skorzysta\u0107 z tego prawa, nale\u017cy wys\u0142a\u0107 list do kierownika budowy na adres:<\/p>\n\n\n\n<p>Agrisem International<br>535 Pierre Levasseur ul<br>44150 Ancenis<\/p>\n\n\n\n<p>02 51 14 14 40<\/p>\n\n\n\n<p>Hiper\u0142\u0105cza:<\/p>\n\n\n\n<p>Tworzenie link\u00f3w hipertekstowych do strony MyAgrisem wymaga uprzedniej zgody dyrektora publikacji. Linki hipertekstowe, kt\u00f3re prowadz\u0105 do innych stron z MyAgrisem, w \u017cadnym wypadku nie mog\u0105 poci\u0105ga\u0107 za sob\u0105 odpowiedzialno\u015bci firmy Agrisem.<\/p>\n\n\n\n<p>Prawa autorskie:<\/p>\n\n\n\n<p>\u017badne komercyjne wykorzystanie, nawet cz\u0119\u015bciowe, prezentowanych tam danych nie mo\u017ce odbywa\u0107 si\u0119 bez uprzedniej pisemnej zgody Agrisem. Nazwy i logo produkt\u00f3w s\u0105 w\u0142asno\u015bci\u0105 Agrisem. Jakiekolwiek powielanie, wykorzystywanie i\/lub modyfikacje, kt\u00f3re zosta\u0142yby dokonane bez uprzedniej pisemnej zgody Agrisem, mog\u0105 stanowi\u0107 naruszenie. W \u017caden spos\u00f3b nie poci\u0105ga to za sob\u0105 odpowiedzialno\u015bci firmy Agrisem. Fotografie, obrazy, teksty i inne dokumenty prezentowane na tej stronie internetowej podlegaj\u0105 prawom w\u0142asno\u015bci przemys\u0142owej i\/lub intelektualnej, kt\u00f3re nale\u017c\u0105 do Agrisem. W zwi\u0105zku z tym jakiekolwiek powielanie, przedstawianie, adaptacja, t\u0142umaczenie i\/lub przekszta\u0142canie, cz\u0119\u015bciowe lub ca\u0142kowite, lub przenoszenie na inn\u0105 stron\u0119 jest zabronione. Informacje i prezentacje zawarte na stronach tej witryny s\u0142u\u017c\u0105 wy\u0142\u0105cznie do cel\u00f3w informacyjnych i mog\u0105 ulec zmianie w dowolnym momencie bez powiadomienia. W rezultacie Agrisem odrzuca wszelk\u0105 odpowiedzialno\u015b\u0107:<\/p>\n\n\n\n<ul class=\"wp-block-list\">\n<li>za wszelkie nie\u015bcis\u0142o\u015bci, niedok\u0142adno\u015bci lub pomini\u0119cia dotycz\u0105ce informacji dost\u0119pnych na tej stronie,<\/li>\n<\/ul>\n\n\n\n<ul class=\"wp-block-list\">\n<li>za wszelkie szkody, bezpo\u015brednie i\/lub po\u015brednie, bez wzgl\u0119du na ich przyczyny, pochodzenie, charakter lub konsekwencje, spowodowane dost\u0119pem kogokolwiek do strony lub niemo\u017cno\u015bci\u0105 uzyskania do niej dost\u0119pu, jak r\u00f3wnie\u017c korzystaniem ze strony i\/lub udzielonym kredytem do jakichkolwiek informacji bezpo\u015brednio lub po\u015brednio ze strony,<\/li>\n<\/ul>\n\n\n\n<ul class=\"wp-block-list\">\n<li>do dowolnego wykorzystania tych r\u00f3\u017cnych informacji.<\/li>\n<\/ul>\n","protected":false},"excerpt":{"rendered":"<p>Jeste\u015b obecnie po\u0142\u0105czony ze stron\u0105 Agrisem. Firma Agrisem stworzy\u0142a t\u0119 witryn\u0119 z my\u015bl\u0105 o danych osobowych jej u\u017cytkownik\u00f3w. Nazwa prawna: Agrisem International535 Pierre Levasseur ul44150 Ancenis 02 51 14 14 40 Hosting i aplikacja biznesowa: Chmura BLG 1, rue de la Sous Prefektura60200 KOMPIEGNA Taki. : +33 (0) 3 44 40 83 44WWW: www.blgcloud.com blgCloud, [&hellip;]<\/p>\n","protected":false},"author":1382,"featured_media":0,"parent":0,"menu_order":0,"comment_status":"closed","ping_status":"closed","template":"","meta":{"_acf_changed":false,"footnotes":""},"class_list":["post-7835","page","type-page","status-publish","hentry"],"acf":[],"yoast_head":"<!-- This site is optimized with the Yoast SEO plugin v27.4 - https:\/\/yoast.com\/product\/yoast-seo-wordpress\/ -->\n<title>Polityka prywatno\u015bci &#8212; AGRISEM<\/title>\n<meta name=\"description\" content=\"AGRISEM &#8212; Polityka prywatno\u015bci\" \/>\n<meta name=\"robots\" content=\"index, follow, max-snippet:-1, max-image-preview:large, max-video-preview:-1\" \/>\n<link rel=\"canonical\" href=\"https:\/\/agrisem.com\/pl\/polityka-prywatnosci\/\" \/>\n<meta property=\"og:locale\" content=\"pl_PL\" \/>\n<meta property=\"og:type\" content=\"article\" \/>\n<meta property=\"og:title\" content=\"Polityka prywatno\u015bci &#8212; AGRISEM\" \/>\n<meta property=\"og:description\" content=\"AGRISEM &#8212; Polityka prywatno\u015bci\" \/>\n<meta property=\"og:url\" content=\"https:\/\/agrisem.com\/pl\/polityka-prywatnosci\/\" \/>\n<meta property=\"og:site_name\" content=\"AGRISEM\" \/>\n<meta property=\"article:publisher\" content=\"https:\/\/www.facebook.com\/agriseminternational\" \/>\n<meta property=\"article:modified_time\" content=\"2023-04-11T21:53:39+00:00\" \/>\n<meta name=\"twitter:card\" content=\"summary_large_image\" \/>\n<meta name=\"twitter:label1\" content=\"Szacowany czas czytania\" \/>\n\t<meta name=\"twitter:data1\" content=\"2 minuty\" \/>\n<script type=\"application\/ld+json\" class=\"yoast-schema-graph\">{\"@context\":\"https:\\\/\\\/schema.org\",\"@graph\":[{\"@type\":\"WebPage\",\"@id\":\"https:\\\/\\\/agrisem.com\\\/pl\\\/polityka-prywatnosci\\\/\",\"url\":\"https:\\\/\\\/agrisem.com\\\/pl\\\/polityka-prywatnosci\\\/\",\"name\":\"Polityka prywatno\u015bci &#8212; AGRISEM\",\"isPartOf\":{\"@id\":\"https:\\\/\\\/agrisem.com\\\/pl\\\/#website\"},\"datePublished\":\"2023-04-11T21:53:38+00:00\",\"dateModified\":\"2023-04-11T21:53:39+00:00\",\"description\":\"AGRISEM &#8212; Polityka prywatno\u015bci\",\"breadcrumb\":{\"@id\":\"https:\\\/\\\/agrisem.com\\\/pl\\\/polityka-prywatnosci\\\/#breadcrumb\"},\"inLanguage\":\"pl-PL\",\"potentialAction\":[{\"@type\":\"ReadAction\",\"target\":[\"https:\\\/\\\/agrisem.com\\\/pl\\\/polityka-prywatnosci\\\/\"]}]},{\"@type\":\"BreadcrumbList\",\"@id\":\"https:\\\/\\\/agrisem.com\\\/pl\\\/polityka-prywatnosci\\\/#breadcrumb\",\"itemListElement\":[{\"@type\":\"ListItem\",\"position\":1,\"name\":\"Home\",\"item\":\"https:\\\/\\\/agrisem.com\\\/pl\\\/\"},{\"@type\":\"ListItem\",\"position\":2,\"name\":\"Polityka prywatno\u015bci\"}]},{\"@type\":\"WebSite\",\"@id\":\"https:\\\/\\\/agrisem.com\\\/pl\\\/#website\",\"url\":\"https:\\\/\\\/agrisem.com\\\/pl\\\/\",\"name\":\"AGRISEM\",\"description\":\"Uprawa bezorkowa, rolnictwo zr\u00f3wnowa\u017cone, precyzyjne.\",\"publisher\":{\"@id\":\"https:\\\/\\\/agrisem.com\\\/pl\\\/#organization\"},\"potentialAction\":[{\"@type\":\"SearchAction\",\"target\":{\"@type\":\"EntryPoint\",\"urlTemplate\":\"https:\\\/\\\/agrisem.com\\\/pl\\\/?s={search_term_string}\"},\"query-input\":{\"@type\":\"PropertyValueSpecification\",\"valueRequired\":true,\"valueName\":\"search_term_string\"}}],\"inLanguage\":\"pl-PL\"},{\"@type\":\"Organization\",\"@id\":\"https:\\\/\\\/agrisem.com\\\/pl\\\/#organization\",\"name\":\"AGRISEM\",\"url\":\"https:\\\/\\\/agrisem.com\\\/pl\\\/\",\"logo\":{\"@type\":\"ImageObject\",\"inLanguage\":\"pl-PL\",\"@id\":\"https:\\\/\\\/agrisem.com\\\/pl\\\/#\\\/schema\\\/logo\\\/image\\\/\",\"url\":\"https:\\\/\\\/agrisem.com\\\/wp-content\\\/uploads\\\/2021\\\/06\\\/agrisem_icon.png\",\"contentUrl\":\"https:\\\/\\\/agrisem.com\\\/wp-content\\\/uploads\\\/2021\\\/06\\\/agrisem_icon.png\",\"width\":500,\"height\":500,\"caption\":\"AGRISEM\"},\"image\":{\"@id\":\"https:\\\/\\\/agrisem.com\\\/pl\\\/#\\\/schema\\\/logo\\\/image\\\/\"},\"sameAs\":[\"https:\\\/\\\/www.facebook.com\\\/agriseminternational\",\"https:\\\/\\\/www.instagram.com\\\/agrisem_international\\\/\",\"https:\\\/\\\/www.linkedin.com\\\/company\\\/agrisem-int\",\"https:\\\/\\\/www.youtube.com\\\/user\\\/AgrisemInternational\"]}]}<\/script>\n<!-- \/ Yoast SEO plugin. -->","yoast_head_json":{"title":"Polityka prywatno\u015bci &#8212; AGRISEM","description":"AGRISEM &#8212; Polityka prywatno\u015bci","robots":{"index":"index","follow":"follow","max-snippet":"max-snippet:-1","max-image-preview":"max-image-preview:large","max-video-preview":"max-video-preview:-1"},"canonical":"https:\/\/agrisem.com\/pl\/polityka-prywatnosci\/","og_locale":"pl_PL","og_type":"article","og_title":"Polityka prywatno\u015bci &#8212; AGRISEM","og_description":"AGRISEM &#8212; Polityka prywatno\u015bci","og_url":"https:\/\/agrisem.com\/pl\/polityka-prywatnosci\/","og_site_name":"AGRISEM","article_publisher":"https:\/\/www.facebook.com\/agriseminternational","article_modified_time":"2023-04-11T21:53:39+00:00","twitter_card":"summary_large_image","twitter_misc":{"Szacowany czas czytania":"2 minuty"},"schema":{"@context":"https:\/\/schema.org","@graph":[{"@type":"WebPage","@id":"https:\/\/agrisem.com\/pl\/polityka-prywatnosci\/","url":"https:\/\/agrisem.com\/pl\/polityka-prywatnosci\/","name":"Polityka prywatno\u015bci &#8212; AGRISEM","isPartOf":{"@id":"https:\/\/agrisem.com\/pl\/#website"},"datePublished":"2023-04-11T21:53:38+00:00","dateModified":"2023-04-11T21:53:39+00:00","description":"AGRISEM &#8212; Polityka prywatno\u015bci","breadcrumb":{"@id":"https:\/\/agrisem.com\/pl\/polityka-prywatnosci\/#breadcrumb"},"inLanguage":"pl-PL","potentialAction":[{"@type":"ReadAction","target":["https:\/\/agrisem.com\/pl\/polityka-prywatnosci\/"]}]},{"@type":"BreadcrumbList","@id":"https:\/\/agrisem.com\/pl\/polityka-prywatnosci\/#breadcrumb","itemListElement":[{"@type":"ListItem","position":1,"name":"Home","item":"https:\/\/agrisem.com\/pl\/"},{"@type":"ListItem","position":2,"name":"Polityka prywatno\u015bci"}]},{"@type":"WebSite","@id":"https:\/\/agrisem.com\/pl\/#website","url":"https:\/\/agrisem.com\/pl\/","name":"AGRISEM","description":"Uprawa bezorkowa, rolnictwo zr\u00f3wnowa\u017cone, precyzyjne.","publisher":{"@id":"https:\/\/agrisem.com\/pl\/#organization"},"potentialAction":[{"@type":"SearchAction","target":{"@type":"EntryPoint","urlTemplate":"https:\/\/agrisem.com\/pl\/?s={search_term_string}"},"query-input":{"@type":"PropertyValueSpecification","valueRequired":true,"valueName":"search_term_string"}}],"inLanguage":"pl-PL"},{"@type":"Organization","@id":"https:\/\/agrisem.com\/pl\/#organization","name":"AGRISEM","url":"https:\/\/agrisem.com\/pl\/","logo":{"@type":"ImageObject","inLanguage":"pl-PL","@id":"https:\/\/agrisem.com\/pl\/#\/schema\/logo\/image\/","url":"https:\/\/agrisem.com\/wp-content\/uploads\/2021\/06\/agrisem_icon.png","contentUrl":"https:\/\/agrisem.com\/wp-content\/uploads\/2021\/06\/agrisem_icon.png","width":500,"height":500,"caption":"AGRISEM"},"image":{"@id":"https:\/\/agrisem.com\/pl\/#\/schema\/logo\/image\/"},"sameAs":["https:\/\/www.facebook.com\/agriseminternational","https:\/\/www.instagram.com\/agrisem_international\/","https:\/\/www.linkedin.com\/company\/agrisem-int","https:\/\/www.youtube.com\/user\/AgrisemInternational"]}]}},"_links":{"self":[{"href":"https:\/\/agrisem.com\/pl\/wp-json\/wp\/v2\/pages\/7835","targetHints":{"allow":["GET"]}}],"collection":[{"href":"https:\/\/agrisem.com\/pl\/wp-json\/wp\/v2\/pages"}],"about":[{"href":"https:\/\/agrisem.com\/pl\/wp-json\/wp\/v2\/types\/page"}],"author":[{"embeddable":true,"href":"https:\/\/agrisem.com\/pl\/wp-json\/wp\/v2\/users\/1382"}],"replies":[{"embeddable":true,"href":"https:\/\/agrisem.com\/pl\/wp-json\/wp\/v2\/comments?post=7835"}],"version-history":[{"count":1,"href":"https:\/\/agrisem.com\/pl\/wp-json\/wp\/v2\/pages\/7835\/revisions"}],"predecessor-version":[{"id":7836,"href":"https:\/\/agrisem.com\/pl\/wp-json\/wp\/v2\/pages\/7835\/revisions\/7836"}],"wp:attachment":[{"href":"https:\/\/agrisem.com\/pl\/wp-json\/wp\/v2\/media?parent=7835"}],"curies":[{"name":"wp","href":"https:\/\/api.w.org\/{rel}","templated":true}]}}